{"id":1440,"date":"2025-05-27T19:20:07","date_gmt":"2025-05-27T17:20:07","guid":{"rendered":"http:\/\/192.168.178.75\/?page_id=1440"},"modified":"2026-02-23T12:49:35","modified_gmt":"2026-02-23T11:49:35","slug":"index","status":"publish","type":"page","link":"https:\/\/it-bengels.de\/","title":{"rendered":"IT Dienstleister Leipzig | IT Service &amp; IT Support f\u00fcr kleine Unternehmen"},"content":{"rendered":"\n<div class=\"wp-block-uagb-container uagb-block-32fb6135 alignfull uagb-is-root-container\"><div class=\"uagb-container__shape uagb-container__shape-top\"><svg xmlns=\"https:\/\/www.w3.org\/2000\/svg\" viewBox=\"0 0 2600 131.1\" preserveAspectRatio=\"none\"><path class=\"uagb-container__shape-fill\" d=\"M0 0L2600 0 2600 69.1 0 0z\"><\/path><path class=\"uagb-container__shape-fill\" opacity=\"0.5\" d=\"M0 0L2600 0 2600 69.1 0 69.1z\"><\/path><path class=\"uagb-container__shape-fill\" opacity=\"0.25\" d=\"M2600 0L0 0 0 130.1 2600 69.1z\"><\/path><\/svg><\/div><div class=\"uagb-container__shape uagb-container__shape-bottom uagb-container__invert\" data-negative=\"false\"><svg xmlns=\"https:\/\/www.w3.org\/2000\/svg\" viewBox=\"0 0 2600 131.1\" preserveAspectRatio=\"none\"><path class=\"uagb-container__shape-fill\" d=\"M0 0L2600 0 2600 69.1 0 0z\"><\/path><path class=\"uagb-container__shape-fill\" opacity=\"0.5\" d=\"M0 0L2600 0 2600 69.1 0 69.1z\"><\/path><path class=\"uagb-container__shape-fill\" opacity=\"0.25\" d=\"M2600 0L0 0 0 130.1 2600 69.1z\"><\/path><\/svg><\/div><div class=\"uagb-container-inner-blocks-wrap\">\n<div class=\"wp-block-uagb-container uagb-block-bee97e9e\">\n<h1 class=\"wp-block-heading\" style=\"font-size:30px\"><strong>IT Bengels <\/strong>&#8211; Ihr IT Dienstleister Leipzig<\/h1>\n\n\n\n<p style=\"margin-top:0;margin-bottom:0\"><strong>IT-Probleme? Keine Panik \u2013 ruf die Bengels!<\/strong><br><br>IT f\u00fchlt sich manchmal an wie schwarze Magie: Pl\u00f6tzlich funktioniert das WLAN nur noch in der Besenkammer, das Programm st\u00fcrzt ab, wenn Sie auf \u201eSpeichern\u201c klicken, und Ihr Drucker spricht offenbar nur noch Klingonisch.<br><br>Aber hey \u2013 <em>kein Grund zur Panik<\/em>.<br>Wir sind die <strong>IT Bengels<\/strong> \u2013 Ihr sympathisches IT-Team in und um Leipzig, das Probleme nicht nur l\u00f6st, sondern auch erkl\u00e4rt (falls Sie es wissen wollen). Und wenn nicht: Dann l\u00f6sen wir\u2019s einfach \u2013 ohne gro\u00dfes Brimborium.<br><br>Mit unseren IT Dienstleistungen k\u00fcmmern wir uns um Ihre IT-Probleme und sorgen daf\u00fcr, dass alles wieder l\u00e4uft \u2013 ohne dass Sie daf\u00fcr ins Schwitzen kommen.<\/p>\n\n\n\n<form id=\"myForm\" action=\"\/index.php\/?page_id=1496\" method=\"get\">\n  <label for=\"nachricht\" style=\"font-size: 17px; font-family: Arial; color: #334155;\">Ihr IT-Problem? Unsere Spielwiese. Lernen Sie uns kennen.<\/label><br><br>\n  <a href=\"\/index.php\/?page_id=2089\">\n    <input type=\"button\" value=\"IT-Bengels-Erst-Check\" style=\"font-size: 17px; font-family: Arial; padding: 6px 12px;\"><\/a>\n<br><br>\n  <span style=\"font-size: 17px; font-family: Arial;\">oder:<\/span><br>\n  <textarea id=\"nachricht\" name=\"nachricht\" style=\"font-size: 14px; font-family: Arial; color: #334155;\" rows=\"4\" cols=\"80\" placeholder=\"Beschreiben Sie uns doch Ihr Problem...\"><\/textarea><br><br>\n  <input type=\"submit\" value=\"Weiter\" style=\"font-size: 17px; font-family: Arial; padding: 6px 12px;\">\n<\/form>\n<script>\ndocument.getElementById('myForm').addEventListener('submit', function(e){\n  e.preventDefault();\n  const text = encodeURIComponent(document.getElementById('nachricht').value);\n  window.location.href = `\/index.php\/?page_id=1496&nachricht=${text}`;\n});\n<\/script>\n<\/div>\n\n\n\n<div class=\"wp-block-uagb-container uagb-layout-flex uagb-block-5bf36345\">\n<div class=\"wp-block-uagb-slider uag-hide-tab uag-hide-mob uagb-block-06adf4b8 uagb-slider-container\"><div class=\"uagb-slides uagb-swiper\"><div class=\"swiper-wrapper\">\n<div class=\"wp-block-uagb-slider-child uagb-slider-child-wrap swiper-slide uagb-block-33adb2aa\"><div class=\"swiper-content\">\n<div class=\"wp-block-uagb-container uagb-block-5a14ca9b\">\n<figure class=\"wp-block-image size-large\"><img decoding=\"async\" src=\"https:\/\/it-bengels.de\/wp-content\/uploads\/2025\/06\/1-683x1024.jpg\" alt=\"\"\/><\/figure>\n<\/div>\n<\/div><\/div>\n\n\n\n<div class=\"wp-block-uagb-slider-child uagb-slider-child-wrap swiper-slide uagb-block-5cd89eba\"><div class=\"swiper-content\">\n<div class=\"wp-block-uagb-container uagb-block-7d84b8ec\">\n<figure class=\"wp-block-image size-large\"><img decoding=\"async\" src=\"https:\/\/it-bengels.de\/wp-content\/uploads\/2025\/06\/2-683x1024.jpg\" alt=\"\"\/><\/figure>\n<\/div>\n<\/div><\/div>\n\n\n\n<div class=\"wp-block-uagb-slider-child uagb-slider-child-wrap swiper-slide uagb-block-dc01265e\"><div class=\"swiper-content\">\n<div class=\"wp-block-uagb-container uagb-block-bcaa2fb4\">\n<figure class=\"wp-block-image size-large\"><img decoding=\"async\" src=\"https:\/\/it-bengels.de\/wp-content\/uploads\/2025\/06\/3-683x1024.jpg\" alt=\"\"\/><\/figure>\n<\/div>\n<\/div><\/div>\n\n\n\n<div class=\"wp-block-uagb-slider-child uagb-slider-child-wrap swiper-slide uagb-block-54139a16\"><div class=\"swiper-content\">\n<div class=\"wp-block-uagb-container uagb-block-72d0cbdf\">\n<figure class=\"wp-block-image size-large\"><img decoding=\"async\" src=\"https:\/\/it-bengels.de\/wp-content\/uploads\/2025\/06\/4-683x1024.jpg\" alt=\"\"\/><\/figure>\n<\/div>\n<\/div><\/div>\n\n\n\n<div class=\"wp-block-uagb-slider-child uagb-slider-child-wrap swiper-slide uagb-block-889994dd\"><div class=\"swiper-content\">\n<div class=\"wp-block-uagb-container uagb-layout-flex uagb-block-80bb1157\">\n<figure class=\"wp-block-image size-large\"><img decoding=\"async\" src=\"https:\/\/it-bengels.de\/wp-content\/uploads\/2025\/06\/5-683x1024.jpg\" alt=\"\"\/><\/figure>\n<\/div>\n<\/div><\/div>\n<\/div><\/div><div class=\"swiper-pagination\"><\/div><\/div>\n<\/div>\n<\/div><\/div>\n\n\n\n<div class=\"wp-block-uagb-container uagb-block-a3f5cf83 alignfull uagb-is-root-container\"><div class=\"uagb-container__shape uagb-container__shape-top\"><svg xmlns=\"https:\/\/www.w3.org\/2000\/svg\" viewBox=\"0 0 2600 131.1\" preserveAspectRatio=\"none\"><path class=\"uagb-container__shape-fill\" d=\"M0 0L2600 0 2600 69.1 0 0z\"><\/path><path class=\"uagb-container__shape-fill\" opacity=\"0.5\" d=\"M0 0L2600 0 2600 69.1 0 69.1z\"><\/path><path class=\"uagb-container__shape-fill\" opacity=\"0.25\" d=\"M2600 0L0 0 0 130.1 2600 69.1z\"><\/path><\/svg><\/div><div class=\"uagb-container__shape uagb-container__shape-bottom uagb-container__invert\" data-negative=\"false\"><svg xmlns=\"https:\/\/www.w3.org\/2000\/svg\" viewBox=\"0 0 2600 131.1\" preserveAspectRatio=\"none\"><path class=\"uagb-container__shape-fill\" d=\"M0 0L2600 0 2600 69.1 0 0z\"><\/path><path class=\"uagb-container__shape-fill\" opacity=\"0.5\" d=\"M0 0L2600 0 2600 69.1 0 69.1z\"><\/path><path class=\"uagb-container__shape-fill\" opacity=\"0.25\" d=\"M2600 0L0 0 0 130.1 2600 69.1z\"><\/path><\/svg><\/div><div class=\"uagb-container-inner-blocks-wrap\">\n<div class=\"wp-block-uagb-container uagb-block-8ca68485\">\n<h2 class=\"wp-block-heading\" style=\"margin-top:0px;margin-bottom:0px\"><strong><strong>Wir sind die IT Bengels<\/strong><\/strong> &#8211; Ctrl+Alt+Fix f\u00fcr Ihre EDV<\/h2>\n<\/div>\n\n\n\n<div class=\"wp-block-media-text is-stacked-on-mobile\" style=\"border-radius:0px;border-top-width:0px;border-right-color:#f68802;border-right-width:2px;border-bottom-color:#f68802;border-bottom-width:2px;border-left-width:0px;margin-top:0px;margin-bottom:0px;padding-top:0px;padding-right:10px;padding-bottom:0px;padding-left:10px;grid-template-columns:25% auto\"><figure class=\"wp-block-media-text__media\"><img loading=\"lazy\" decoding=\"async\" width=\"683\" height=\"1024\" src=\"https:\/\/it-bengels.de\/wp-content\/uploads\/2025\/06\/Firma-683x1024.jpg\" alt=\"\" class=\"wp-image-2055 size-full\" srcset=\"https:\/\/it-bengels.de\/wp-content\/uploads\/2025\/06\/Firma-683x1024.jpg 683w, https:\/\/it-bengels.de\/wp-content\/uploads\/2025\/06\/Firma-200x300.jpg 200w, https:\/\/it-bengels.de\/wp-content\/uploads\/2025\/06\/Firma-768x1152.jpg 768w, https:\/\/it-bengels.de\/wp-content\/uploads\/2025\/06\/Firma.jpg 1024w\" sizes=\"auto, (max-width: 683px) 100vw, 683px\" \/><\/figure><div class=\"wp-block-media-text__content\">\n<p style=\"border-radius:0px;border-right-color:#f68802;border-right-width:2px;border-bottom-color:#f68802;border-bottom-width:2px;border-left-style:none;border-left-width:0px;margin-top:10px;margin-bottom:10px;padding-top:10px;padding-right:10px;padding-bottom:10px;padding-left:10px\">Seit 2017 ziehen wir los, um die <strong>IT-Welt kleiner Unternehmen<\/strong> ein kleines bisschen besser \u2013 und deutlich weniger chaotisch \u2013 zu machen. Damals noch mit klapprigen Laptops, Netzwerk-Kabeln als Lasso, Admin-Rechten als Superkraft und einer nat\u00fcrlichen Resistenz gegen IT-Bullshit\u2122. Unser Antrieb war der feste Glaube, dass IT verst\u00e4ndlich sein muss&#8230; Heute? Gleiche Vision, bessere Technik \u2013 und weitere technikverr\u00fcckte Bengel im Team.<br><br>Kleine Unternehmen verdienen <strong>professionelle L\u00f6sungen<\/strong> \u2013 nur eben in <strong>verst\u00e4ndlich, bezahlbar<\/strong> und ohne 27 unn\u00f6tige Zusatzmodule. Keine Lizenzlabyrinthe, keine kryptischen Abk\u00fcrzungen, keine Warteschleifenh\u00f6lle.<br><br>Stattdessen gibt\u2019s von uns: <strong>L\u00f6sungen<\/strong>, die einfach funktionieren. <strong>Beratung<\/strong>, die wirklich hilft. Und <strong>Support<\/strong>, der nicht bei \u201eHaben Sie schon versucht, es aus- und wieder einzuschalten?\u201c endet (obwohl das tats\u00e4chlich manchmal hilft).<br><br>Unsere Devise: <strong>IT muss kein R\u00e4tsel und kein Luxus sein<\/strong>. <br><br>IT ist ein Werkzeug, das Ihr Unternehmen nach vorne bringt \u2013 sicher, smart und so, dass Sie sich Ihrer eigentlichen Arbeit widmen k\u00f6nnen.<\/p>\n<\/div><\/div>\n<\/div><\/div>\n\n\n\n<div class=\"wp-block-uagb-container uagb-block-a0870a67 alignfull uagb-is-root-container\"><div class=\"uagb-container__shape uagb-container__shape-top\"><svg xmlns=\"https:\/\/www.w3.org\/2000\/svg\" viewBox=\"0 0 2600 131.1\" preserveAspectRatio=\"none\"><path class=\"uagb-container__shape-fill\" d=\"M0 0L2600 0 2600 69.1 0 0z\"><\/path><path class=\"uagb-container__shape-fill\" opacity=\"0.5\" d=\"M0 0L2600 0 2600 69.1 0 69.1z\"><\/path><path class=\"uagb-container__shape-fill\" opacity=\"0.25\" d=\"M2600 0L0 0 0 130.1 2600 69.1z\"><\/path><\/svg><\/div><div class=\"uagb-container__shape uagb-container__shape-bottom uagb-container__invert\" data-negative=\"false\"><svg xmlns=\"https:\/\/www.w3.org\/2000\/svg\" viewBox=\"0 0 2600 131.1\" preserveAspectRatio=\"none\"><path class=\"uagb-container__shape-fill\" d=\"M0 0L2600 0 2600 69.1 0 0z\"><\/path><path class=\"uagb-container__shape-fill\" opacity=\"0.5\" d=\"M0 0L2600 0 2600 69.1 0 69.1z\"><\/path><path class=\"uagb-container__shape-fill\" opacity=\"0.25\" d=\"M2600 0L0 0 0 130.1 2600 69.1z\"><\/path><\/svg><\/div><div class=\"uagb-container-inner-blocks-wrap\">\n<div class=\"wp-block-uagb-container uagb-block-f9fa8523\">\n<h2 class=\"wp-block-heading\" style=\"margin-top:0px;margin-bottom:0px\"><strong><strong><strong>Warum wir? <\/strong><\/strong><\/strong>&#8211;<strong><strong><strong> <\/strong><\/strong><\/strong>Weil du keine Hotline, sondern echte Helfer brauchst.<\/h2>\n<\/div>\n\n\n\n<div class=\"wp-block-media-text has-media-on-the-right is-stacked-on-mobile\" style=\"border-radius:0px;border-bottom-color:#f68802;border-bottom-width:2px;border-left-color:#f68802;border-left-width:2px;padding-top:0px;padding-right:10px;padding-bottom:0px;padding-left:10px;grid-template-columns:auto 25%\"><div class=\"wp-block-media-text__content\">\n<p style=\"border-bottom-color:#f68802;border-bottom-width:2px;border-left-color:#f68802;border-left-width:2px;margin-top:10px;margin-bottom:10px;padding-top:10px;padding-right:10px;padding-bottom:10px;padding-left:10px\">Bei uns bekommst du <strong>keine Konzern-IT im Kleinunternehmer-Kost\u00fcm<\/strong>, sondern L\u00f6sungen, die wirklich zu deinem Betrieb passen. Warum das bei uns so gut funktioniert? Hier kommt die (ganz untechnische) Erkl\u00e4rung:<br><br><strong>Spezialisiert auf kleine Unternehmen<\/strong><br>Wir kennen die Realit\u00e4t im Mittelstand: Der IT-Verantwortliche hei\u00dft oft \u201eChef\u201c, \u201eChefin\u201c oder \u201eeigentlich keiner\u201c.<br>Wir arbeiten genau daf\u00fcr &#8211; mit <strong>pragmatischen, bezahlbaren und verst\u00e4ndlichen L\u00f6sungen<\/strong>, die Ihren Arbeitsalltag verbessern und nicht verkomplizieren.<br>Ob zwei Leute im B\u00fcro oder zehn im Au\u00dfendienst \u2013 wir passen unsere IT-L\u00f6sungen individuell auf Ihre Prozesse und Budgets an. Und ja, wir wissen, dass \u201eschnell wieder laufen\u201c manchmal wichtiger ist als \u201eperfekt dokumentiert\u201c.<br><br><strong>Wir denken mit \u2013 auch zwischen den Eins\u00e4tzen<\/strong><br>Wir sind keine Feuerwehr-IT, die nur ausr\u00fcckt, wenn\u2019s brennt.<br>Wir analysieren, beraten und <strong>denken voraus<\/strong>, um Ihre Systeme stabil, sicher und zukunftsf\u00e4hig zu halten \u2013 ganz ohne unn\u00f6tige Investitionen.<br>Patch-Management, Monitoring, Backup-Check? L\u00e4uft bei uns im Hintergrund, damit Sie sich auf Ihr Business konzentrieren k\u00f6nnen.<br><br><strong>Echte Nerds, echte Beratung<\/strong><br>Wir m\u00f6gen Technik. Aber wir m\u00f6gen es noch mehr, <strong>wenn Technik Sie weiterbringt<\/strong>.<br>Darum reden wir nicht in Abk\u00fcrzungen, verkaufen keine unn\u00f6tigen Tools und zwingen Ihnen keine Cloud auf, die Sie nicht brauchen.<br>Daf\u00fcr bekommen Sie von uns <strong>echte Beratung, ehrliche Empfehlungen und eine Portion Humor<\/strong>, wenn&#8217;s mal klemmt.<\/p>\n<\/div><figure class=\"wp-block-media-text__media\"><img loading=\"lazy\" decoding=\"async\" width=\"683\" height=\"1024\" src=\"https:\/\/it-bengels.de\/wp-content\/uploads\/2025\/06\/Warum-wir-683x1024.jpg\" alt=\"\" class=\"wp-image-2056 size-full\" srcset=\"https:\/\/it-bengels.de\/wp-content\/uploads\/2025\/06\/Warum-wir-683x1024.jpg 683w, https:\/\/it-bengels.de\/wp-content\/uploads\/2025\/06\/Warum-wir-200x300.jpg 200w, https:\/\/it-bengels.de\/wp-content\/uploads\/2025\/06\/Warum-wir-768x1152.jpg 768w, https:\/\/it-bengels.de\/wp-content\/uploads\/2025\/06\/Warum-wir.jpg 1024w\" sizes=\"auto, (max-width: 683px) 100vw, 683px\" \/><\/figure><\/div>\n<\/div><\/div>\n","protected":false},"excerpt":{"rendered":"<p>IT Bengels &#8211; Ihr IT Dienstleister Leipzig IT-Probleme? Keine Panik \u2013 ruf die Bengels! IT f\u00fchlt sich manchmal an wie [&hellip;]<\/p>\n","protected":false},"author":2,"featured_media":0,"parent":0,"menu_order":0,"comment_status":"closed","ping_status":"closed","template":"","meta":{"_uag_custom_page_level_css":"","site-sidebar-layout":"default","site-content-layout":"","ast-site-content-layout":"","site-content-style":"default","site-sidebar-style":"default","ast-global-header-display":"","ast-banner-title-visibility":"","ast-main-header-display":"","ast-hfb-above-header-display":"","ast-hfb-below-header-display":"","ast-hfb-mobile-header-display":"","site-post-title":"disabled","ast-breadcrumbs-content":"","ast-featured-img":"","footer-sml-layout":"","ast-disable-related-posts":"","theme-transparent-header-meta":"","adv-header-id-meta":"","stick-header-meta":"","header-above-stick-meta":"","header-main-stick-meta":"","header-below-stick-meta":"","astra-migrate-meta-layouts":"default","ast-page-background-enabled":"default","ast-page-background-meta":{"desktop":{"background-color":"var(--ast-global-color-5)","background-image":"","background-repeat":"repeat","background-position":"center center","background-size":"auto","background-attachment":"scroll","background-type":"","background-media":"","overlay-type":"","overlay-color":"","overlay-opacity":"","overlay-gradient":""},"tablet":{"background-color":"","background-image":"","background-repeat":"repeat","background-position":"center center","background-size":"auto","background-attachment":"scroll","background-type":"","background-media":"","overlay-type":"","overlay-color":"","overlay-opacity":"","overlay-gradient":""},"mobile":{"background-color":"","background-image":"","background-repeat":"repeat","background-position":"center center","background-size":"auto","background-attachment":"scroll","background-type":"","background-media":"","overlay-type":"","overlay-color":"","overlay-opacity":"","overlay-gradient":""}},"ast-content-background-meta":{"desktop":{"background-color":"var(--ast-global-color-4)","background-image":"","background-repeat":"repeat","background-position":"center center","background-size":"auto","background-attachment":"scroll","background-type":"","background-media":"","overlay-type":"","overlay-color":"","overlay-opacity":"","overlay-gradient":""},"tablet":{"background-color":"var(--ast-global-color-4)","background-image":"","background-repeat":"repeat","background-position":"center center","background-size":"auto","background-attachment":"scroll","background-type":"","background-media":"","overlay-type":"","overlay-color":"","overlay-opacity":"","overlay-gradient":""},"mobile":{"background-color":"var(--ast-global-color-4)","background-image":"","background-repeat":"repeat","background-position":"center center","background-size":"auto","background-attachment":"scroll","background-type":"","background-media":"","overlay-type":"","overlay-color":"","overlay-opacity":"","overlay-gradient":""}},"footnotes":""},"class_list":["post-1440","page","type-page","status-publish","hentry"],"uagb_featured_image_src":{"full":false,"thumbnail":false,"medium":false,"medium_large":false,"large":false,"1536x1536":false,"2048x2048":false},"uagb_author_info":{"display_name":"webmaster","author_link":"https:\/\/it-bengels.de\/?author=2"},"uagb_comment_info":0,"uagb_excerpt":"IT Bengels &#8211; Ihr IT Dienstleister Leipzig IT-Probleme? Keine Panik \u2013 ruf die Bengels! IT f\u00fchlt sich manchmal an wie [&hellip;]","_links":{"self":[{"href":"https:\/\/it-bengels.de\/index.php?rest_route=\/wp\/v2\/pages\/1440","targetHints":{"allow":["GET"]}}],"collection":[{"href":"https:\/\/it-bengels.de\/index.php?rest_route=\/wp\/v2\/pages"}],"about":[{"href":"https:\/\/it-bengels.de\/index.php?rest_route=\/wp\/v2\/types\/page"}],"author":[{"embeddable":true,"href":"https:\/\/it-bengels.de\/index.php?rest_route=\/wp\/v2\/users\/2"}],"replies":[{"embeddable":true,"href":"https:\/\/it-bengels.de\/index.php?rest_route=%2Fwp%2Fv2%2Fcomments&post=1440"}],"version-history":[{"count":95,"href":"https:\/\/it-bengels.de\/index.php?rest_route=\/wp\/v2\/pages\/1440\/revisions"}],"predecessor-version":[{"id":2396,"href":"https:\/\/it-bengels.de\/index.php?rest_route=\/wp\/v2\/pages\/1440\/revisions\/2396"}],"wp:attachment":[{"href":"https:\/\/it-bengels.de\/index.php?rest_route=%2Fwp%2Fv2%2Fmedia&parent=1440"}],"curies":[{"name":"wp","href":"https:\/\/api.w.org\/{rel}","templated":true}]}}